{"id":13437,"date":"2024-01-26T12:14:38","date_gmt":"2024-01-26T12:14:38","guid":{"rendered":"https:\/\/www.leodas.com.tr\/e-catalogue\/?post_type=product&#038;p=13437"},"modified":"2024-02-01T12:22:56","modified_gmt":"2024-02-01T12:22:56","slug":"decoration-interieure-du-cafe-marache","status":"publish","type":"product","link":"https:\/\/www.leodas.com.tr\/e-catalogue\/produit\/decoration-interieure-du-cafe-marache\/","title":{"rendered":"D\u00e9coration int\u00e9rieure du caf\u00e9 Marache"},"content":{"rendered":"","protected":false},"excerpt":{"rendered":"","protected":false},"featured_media":13438,"template":"","meta":[],"product_brand":[],"product_cat":[83],"product_tag":[],"class_list":{"0":"post-13437","1":"product","2":"type-product","3":"status-publish","4":"has-post-thumbnail","6":"product_cat-produits-de-decoration-interieure-marache-coffee","8":"first","9":"instock","10":"shipping-taxable","11":"product-type-simple"},"_links":{"self":[{"href":"https:\/\/www.leodas.com.tr\/e-catalogue\/wp-json\/wp\/v2\/product\/13437","targetHints":{"allow":["GET"]}}],"collection":[{"href":"https:\/\/www.leodas.com.tr\/e-catalogue\/wp-json\/wp\/v2\/product"}],"about":[{"href":"https:\/\/www.leodas.com.tr\/e-catalogue\/wp-json\/wp\/v2\/types\/product"}],"wp:featuredmedia":[{"embeddable":true,"href":"https:\/\/www.leodas.com.tr\/e-catalogue\/wp-json\/wp\/v2\/media\/13438"}],"wp:attachment":[{"href":"https:\/\/www.leodas.com.tr\/e-catalogue\/wp-json\/wp\/v2\/media?parent=13437"}],"wp:term":[{"taxonomy":"product_brand","embeddable":true,"href":"https:\/\/www.leodas.com.tr\/e-catalogue\/wp-json\/wp\/v2\/product_brand?post=13437"},{"taxonomy":"product_cat","embeddable":true,"href":"https:\/\/www.leodas.com.tr\/e-catalogue\/wp-json\/wp\/v2\/product_cat?post=13437"},{"taxonomy":"product_tag","embeddable":true,"href":"https:\/\/www.leodas.com.tr\/e-catalogue\/wp-json\/wp\/v2\/product_tag?post=13437"}],"curies":[{"name":"wp","href":"https:\/\/api.w.org\/{rel}","templated":true}]}}